{"id":185,"date":"2018-10-04T09:25:26","date_gmt":"2018-10-04T07:25:26","guid":{"rendered":"https:\/\/skargardsnjut.se\/?page_id=185"},"modified":"2025-03-07T18:56:25","modified_gmt":"2025-03-07T17:56:25","slug":"klaraberg","status":"publish","type":"page","link":"https:\/\/skargardsnjut.se\/?page_id=185","title":{"rendered":"Klaraberg"},"content":{"rendered":"<div class=\"wpb-content-wrapper\"><p>[vc_row][vc_column]<div class=\"dt-fancy-separator h1-size\" style=\"width: 100%;\"><div class=\"dt-fancy-title\" style=\"color: #ffffff;\"><span class=\"separator-holder separator-left\"><\/span>Huset p\u00e5 berget<span class=\"separator-holder separator-right\"><\/span><\/div><\/div>[\/vc_column][vc_column][vc_column_text]<\/p>\n<p style=\"text-align: center;\"><strong><span class=\"Stil23\"><span class=\"Stil32\">Rent, fr\u00e4scht och mysigt !!<br \/>\nHit \u00e4r du hj\u00e4rtligt v\u00e4lkommen att bo &#8211; en eller flera n\u00e4tter. Vi g\u00f6r v\u00e5rt b\u00e4sta f\u00f6r att du ska f\u00e5 en bekv\u00e4m \u00f6vernattning.<br \/>\nHar du tur &#8230; finns m\u00f6jlighet att se \u00e4lg d\u00e5 morgonkaffet avnjuts p\u00e5 verandan.<\/span><\/span><\/strong><\/p>\n<p>[\/vc_column_text][\/vc_column][\/vc_row][vc_row][vc_column]\n<div class=\"slider-simple shortcode-photo-slider owl-carousel dt-owl-carousel-init photoSlider\" data-width=\"800\" data-height=\"450\" data-autoslide=\"5000\" data-paused=\"true\" style=\"width: 100%\" data-img-mode=\"fill\">\n\t<div class=\"slide-item\">\n\t\t<img loading=\"lazy\" decoding=\"async\" class=\"preload-me aspect\" src=\"https:\/\/skargardsnjut.se\/wp-content\/uploads\/2023\/03\/ute01-rotated.jpeg\" srcset=\"https:\/\/skargardsnjut.se\/wp-content\/uploads\/2023\/03\/ute01-rotated.jpeg 1512w\" style=\"--ratio: 1512 \/ 2016\" sizes=\"auto, (max-width: 1512px) 100vw, 1512px\" width=\"1512\" height=\"2016\"  alt=\"\"  \/><\/div>\n\t<div class=\"slide-item\">\n\t\t<img loading=\"lazy\" decoding=\"async\" class=\"preload-me aspect\" src=\"https:\/\/skargardsnjut.se\/wp-content\/uploads\/2023\/03\/bast01-rotated.jpeg\" srcset=\"https:\/\/skargardsnjut.se\/wp-content\/uploads\/2023\/03\/bast01-rotated.jpeg 1512w\" style=\"--ratio: 1512 \/ 2016\" sizes=\"auto, (max-width: 1512px) 100vw, 1512px\" width=\"1512\" height=\"2016\"  alt=\"\"  \/><\/div>\n\t<div class=\"slide-item\">\n\t\t<img loading=\"lazy\" decoding=\"async\" class=\"preload-me aspect\" src=\"https:\/\/skargardsnjut.se\/wp-content\/uploads\/2023\/03\/baljan01-rotated.jpeg\" srcset=\"https:\/\/skargardsnjut.se\/wp-content\/uploads\/2023\/03\/baljan01-rotated.jpeg 1512w\" style=\"--ratio: 1512 \/ 2016\" sizes=\"auto, (max-width: 1512px) 100vw, 1512px\" width=\"1512\" height=\"2016\"  alt=\"\"  \/><\/div>\n\t<div class=\"slide-item\">\n\t\t<img loading=\"lazy\" decoding=\"async\" class=\"preload-me aspect\" src=\"https:\/\/skargardsnjut.se\/wp-content\/uploads\/2023\/03\/altan01-rotated.jpeg\" srcset=\"https:\/\/skargardsnjut.se\/wp-content\/uploads\/2023\/03\/altan01-rotated.jpeg 1512w\" style=\"--ratio: 1512 \/ 2016\" sizes=\"auto, (max-width: 1512px) 100vw, 1512px\" width=\"1512\" height=\"2016\"  alt=\"\"  \/><\/div>\n\t<div class=\"slide-item\">\n\t\t<img loading=\"lazy\" decoding=\"async\" class=\"preload-me aspect\" src=\"https:\/\/skargardsnjut.se\/wp-content\/uploads\/2023\/03\/rum02-rotated.jpeg\" srcset=\"https:\/\/skargardsnjut.se\/wp-content\/uploads\/2023\/03\/rum02-rotated.jpeg 1512w\" style=\"--ratio: 1512 \/ 2016\" sizes=\"auto, (max-width: 1512px) 100vw, 1512px\" width=\"1512\" height=\"2016\"  alt=\"\"  \/><\/div>\n\t<div class=\"slide-item\">\n\t\t<img loading=\"lazy\" decoding=\"async\" class=\"preload-me aspect\" src=\"https:\/\/skargardsnjut.se\/wp-content\/uploads\/2023\/03\/rum01-rotated.jpeg\" srcset=\"https:\/\/skargardsnjut.se\/wp-content\/uploads\/2023\/03\/rum01-rotated.jpeg 1512w\" style=\"--ratio: 1512 \/ 2016\" sizes=\"auto, (max-width: 1512px) 100vw, 1512px\" width=\"1512\" height=\"2016\"  alt=\"\"  \/><\/div>\n\t<div class=\"slide-item\">\n\t\t<img loading=\"lazy\" decoding=\"async\" class=\"preload-me aspect\" src=\"https:\/\/skargardsnjut.se\/wp-content\/uploads\/2023\/03\/rum04-rotated.jpeg\" srcset=\"https:\/\/skargardsnjut.se\/wp-content\/uploads\/2023\/03\/rum04-rotated.jpeg 1512w\" style=\"--ratio: 1512 \/ 2016\" sizes=\"auto, (max-width: 1512px) 100vw, 1512px\" width=\"1512\" height=\"2016\"  alt=\"\"  \/><\/div>\n\t<div class=\"slide-item\">\n\t\t<img loading=\"lazy\" decoding=\"async\" class=\"preload-me aspect\" src=\"https:\/\/skargardsnjut.se\/wp-content\/uploads\/2023\/03\/rum03-rotated.jpeg\" srcset=\"https:\/\/skargardsnjut.se\/wp-content\/uploads\/2023\/03\/rum03-rotated.jpeg 1512w\" style=\"--ratio: 1512 \/ 2016\" sizes=\"auto, (max-width: 1512px) 100vw, 1512px\" width=\"1512\" height=\"2016\"  alt=\"\"  \/><\/div>\n\t<div class=\"slide-item\">\n\t\t<img loading=\"lazy\" decoding=\"async\" class=\"preload-me aspect\" src=\"https:\/\/skargardsnjut.se\/wp-content\/uploads\/2023\/03\/hall01-rotated.jpeg\" srcset=\"https:\/\/skargardsnjut.se\/wp-content\/uploads\/2023\/03\/hall01-rotated.jpeg 1512w\" style=\"--ratio: 1512 \/ 2016\" sizes=\"auto, (max-width: 1512px) 100vw, 1512px\" width=\"1512\" height=\"2016\"  alt=\"\"  \/><\/div>\n\t<div class=\"slide-item\">\n\t\t<img loading=\"lazy\" decoding=\"async\" class=\"preload-me aspect\" src=\"https:\/\/skargardsnjut.se\/wp-content\/uploads\/2023\/03\/loft01-rotated.jpeg\" srcset=\"https:\/\/skargardsnjut.se\/wp-content\/uploads\/2023\/03\/loft01-rotated.jpeg 1512w\" style=\"--ratio: 1512 \/ 2016\" sizes=\"auto, (max-width: 1512px) 100vw, 1512px\" width=\"1512\" height=\"2016\"  alt=\"\"  \/><\/div>\n\t<div class=\"slide-item\">\n\t\t<img loading=\"lazy\" decoding=\"async\" class=\"preload-me aspect\" src=\"https:\/\/skargardsnjut.se\/wp-content\/uploads\/2023\/03\/kok01.jpeg\" srcset=\"https:\/\/skargardsnjut.se\/wp-content\/uploads\/2023\/03\/kok01.jpeg 1512w\" style=\"--ratio: 1512 \/ 2016\" sizes=\"auto, (max-width: 1512px) 100vw, 1512px\" width=\"1512\" height=\"2016\"  alt=\"\"  \/><\/div>\n\t<div class=\"slide-item\">\n\t\t<img loading=\"lazy\" decoding=\"async\" class=\"preload-me aspect\" src=\"https:\/\/skargardsnjut.se\/wp-content\/uploads\/2023\/03\/bad03.jpeg\" srcset=\"https:\/\/skargardsnjut.se\/wp-content\/uploads\/2023\/03\/bad03.jpeg 1512w\" style=\"--ratio: 1512 \/ 2016\" sizes=\"auto, (max-width: 1512px) 100vw, 1512px\" width=\"1512\" height=\"2016\"  alt=\"\"  \/><\/div>\n\t<div class=\"slide-item\">\n\t\t<img loading=\"lazy\" decoding=\"async\" class=\"preload-me aspect\" src=\"https:\/\/skargardsnjut.se\/wp-content\/uploads\/2023\/03\/bad02-rotated.jpeg\" srcset=\"https:\/\/skargardsnjut.se\/wp-content\/uploads\/2023\/03\/bad02-rotated.jpeg 1512w\" style=\"--ratio: 1512 \/ 2016\" sizes=\"auto, (max-width: 1512px) 100vw, 1512px\" width=\"1512\" height=\"2016\"  alt=\"\"  \/><\/div>\n\t<div class=\"slide-item\">\n\t\t<img loading=\"lazy\" decoding=\"async\" class=\"preload-me aspect\" src=\"https:\/\/skargardsnjut.se\/wp-content\/uploads\/2023\/03\/bad01.jpeg\" srcset=\"https:\/\/skargardsnjut.se\/wp-content\/uploads\/2023\/03\/bad01.jpeg 1512w\" style=\"--ratio: 1512 \/ 2016\" sizes=\"auto, (max-width: 1512px) 100vw, 1512px\" width=\"1512\" height=\"2016\"  alt=\"\"  \/><\/div>\n\t<div class=\"slide-item\">\n\t\t<img loading=\"lazy\" decoding=\"async\" class=\"preload-me aspect\" src=\"https:\/\/skargardsnjut.se\/wp-content\/uploads\/2018\/10\/hus04.jpg\" srcset=\"https:\/\/skargardsnjut.se\/wp-content\/uploads\/2018\/10\/hus04.jpg 1224w\" style=\"--ratio: 1224 \/ 1632\" sizes=\"auto, (max-width: 1224px) 100vw, 1224px\" width=\"1224\" height=\"1632\"  alt=\"\"  \/><\/div><\/div>[\/vc_column][\/vc_row][vc_row full_width=&#8221;stretch_row_content&#8221; gap=&#8221;10&#8243; equal_height=&#8221;yes&#8221;][vc_column width=&#8221;1\/4&#8243; css=&#8221;.vc_custom_1539176265404{border-top-width: 2px !important;border-right-width: 2px !important;border-bottom-width: 2px !important;border-left-width: 2px !important;background-position: center !important;background-repeat: no-repeat !important;background-size: contain !important;border-left-color: #ffffff !important;border-left-style: dotted !important;border-right-color: #ffffff !important;border-right-style: dotted !important;border-top-color: #ffffff !important;border-top-style: dotted !important;border-bottom-color: #ffffff !important;border-bottom-style: dotted !important;border-radius: 20px !important;}&#8221;]<div class=\"ult-just-icon-wrapper  \"><div class=\"align-icon\" style=\"text-align:center;\">\n<div class=\"aio-icon circle \"  style=\"color:#100e68;background:#ffffff;font-size:32px;display:inline-block;\">\n\t<i class=\"Defaults-bed hotel\"><\/i>\n<\/div><\/div><\/div>[vc_column_text]<\/p>\n<p style=\"text-align: center;\"><span class=\"Stil20\"><span class=\"Stil46\">Varmbonad stugan med sovloft, max 4 personer,<br \/>\n34 kvm,\u00a0<\/span><\/span>4 b\u00e4ddar,TV, torrtoalett och dusch,\u00a02 kokplattor, kyl och frysfack, kaffebryggare och microv\u00e5gsugn<\/p>\n<p>[\/vc_column_text][\/vc_column][vc_column width=&#8221;1\/4&#8243; css=&#8221;.vc_custom_1539176274177{border-top-width: 2px !important;border-right-width: 2px !important;border-bottom-width: 2px !important;border-left-width: 2px !important;border-left-color: #ffffff !important;border-left-style: dotted !important;border-right-color: #ffffff !important;border-right-style: dotted !important;border-top-color: #ffffff !important;border-top-style: dotted !important;border-bottom-color: #ffffff !important;border-bottom-style: dotted !important;border-radius: 20px !important;}&#8221;]<div class=\"ult-just-icon-wrapper  \"><div class=\"align-icon\" style=\"text-align:center;\">\n<div class=\"aio-icon circle \"  style=\"color:#100e68;background:#ffffff;font-size:32px;display:inline-block;\">\n\t<i class=\"Defaults-sun-o\"><\/i>\n<\/div><\/div><\/div>[vc_column_text]<\/p>\n<p style=\"text-align: center;\"><span class=\"Stil20\"><span class=\"Stil46\">Utanf\u00f6r knuten finns uteplats med tr\u00e4dg\u00e5rdsm\u00f6bler, grill och bastu.<br \/>\n<\/span><\/span><span class=\"Stil46\">M\u00f6jlighet finns att f\u00f6rboka vedeldad badbalja.<br \/>\n<\/span><span class=\"Stil7\"><span class=\"Stil47\">\u00c4r du trollingsfiskare finns rensb\u00e4nk och frysm\u00f6jlighet.<\/span><\/span><\/p>\n<p>[\/vc_column_text][\/vc_column][vc_column width=&#8221;1\/4&#8243; css=&#8221;.vc_custom_1539176281215{border-top-width: 2px !important;border-right-width: 2px !important;border-bottom-width: 2px !important;border-left-width: 2px !important;border-left-color: #ffffff !important;border-left-style: dotted !important;border-right-color: #ffffff !important;border-right-style: dotted !important;border-top-color: #ffffff !important;border-top-style: dotted !important;border-bottom-color: #ffffff !important;border-bottom-style: dotted !important;border-radius: 20px !important;}&#8221;]<div class=\"ult-just-icon-wrapper  \"><div class=\"align-icon\" style=\"text-align:center;\">\n<div class=\"aio-icon circle \"  style=\"color:#100e68;background:#ffffff;font-size:32px;display:inline-block;\">\n\t<i class=\"Defaults-tags\"><\/i>\n<\/div><\/div><\/div>[vc_column_text css=&#8221;&#8221;]<\/p>\n<p style=\"text-align: center;\"><span class=\"Stil47\">\u00d6vernattning: 800 kr<br \/>\n<\/span><span class=\"Stil47\">Slutst\u00e4d: 700 kr<br \/>\nB\u00e4ddset med handdukar: 100 kr<br \/>\nBadbalja: 2000 kr<\/span><\/p>\n<p>[\/vc_column_text][\/vc_column][vc_column width=&#8221;1\/4&#8243; css=&#8221;.vc_custom_1539176288345{border-top-width: 2px !important;border-right-width: 2px !important;border-bottom-width: 2px !important;border-left-width: 2px !important;border-left-color: #ffffff !important;border-left-style: dotted !important;border-right-color: #ffffff !important;border-right-style: dotted !important;border-top-color: #ffffff !important;border-top-style: dotted !important;border-bottom-color: #ffffff !important;border-bottom-style: dotted !important;border-radius: 20px !important;}&#8221;]<div class=\"ult-just-icon-wrapper  \"><div class=\"align-icon\" style=\"text-align:center;\">\n<div class=\"aio-icon circle \"  style=\"color:#100e68;background:#ffffff;font-size:32px;display:inline-block;\">\n\t<i class=\"Defaults-key\"><\/i>\n<\/div><\/div><\/div>[vc_column_text]<\/p>\n<p style=\"text-align: center;\">Incheck kl 15.00<br \/>\n<span class=\"Stil47\">Utcheck kl 11.00<\/span><\/p>\n<p>[\/vc_column_text][\/vc_column][\/vc_row][vc_row gap=&#8221;5&#8243; equal_height=&#8221;yes&#8221; css=&#8221;.vc_custom_1539096350496{border-radius: 15px !important;}&#8221;][vc_column width=&#8221;1\/2&#8243; css=&#8221;.vc_custom_1539176296056{border-top-width: 2px !important;border-right-width: 2px !important;border-bottom-width: 2px !important;border-left-width: 2px !important;border-left-color: #ffffff !important;border-left-style: dotted !important;border-right-color: #ffffff !important;border-right-style: dotted !important;border-top-color: #ffffff !important;border-top-style: dotted !important;border-bottom-color: #ffffff !important;border-bottom-style: dotted !important;border-radius: 20px !important;}&#8221;]<div class=\"ult-just-icon-wrapper  \"><div class=\"align-icon\" style=\"text-align:center;\">\n<div class=\"aio-icon circle \"  style=\"color:#100e68;background:#ffffff;font-size:32px;display:inline-block;\">\n\t<i class=\"Defaults-leaf\"><\/i>\n<\/div><\/div><\/div>[vc_column_text]<\/p>\n<p style=\"text-align: center;\">Vi t\u00e4nker p\u00e5 milj\u00f6n!<br \/>\nBuss nr 511 stannar 500 m fr\u00e5n\u00a0&#8221;Huset p\u00e5 berget&#8221;.<br \/>\nse\u00a0<a href=\"https:\/\/www.vasttrafik.se\/\" target=\"_blank\" rel=\"nofollow noopener\">https:\/\/www.vasttrafik.se\/<\/a><\/p>\n<p>[\/vc_column_text][\/vc_column][vc_column width=&#8221;1\/2&#8243; css=&#8221;.vc_custom_1539176303446{border-top-width: 2px !important;border-right-width: 2px !important;border-bottom-width: 2px !important;border-left-width: 2px !important;border-left-color: #ffffff !important;border-left-style: dotted !important;border-right-color: #ffffff !important;border-right-style: dotted !important;border-top-color: #ffffff !important;border-top-style: dotted !important;border-bottom-color: #ffffff !important;border-bottom-style: dotted !important;border-radius: 20px !important;}&#8221;]<div class=\"ult-just-icon-wrapper  \"><div class=\"align-icon\" style=\"text-align:center;\">\n<div class=\"aio-icon circle \"  style=\"color:#100e68;background:#ffffff;font-size:32px;display:inline-block;\">\n\t<i class=\"Defaults-map-marker\"><\/i>\n<\/div><\/div><\/div>[vc_column_text]<\/p>\n<p style=\"text-align: center;\">V\u00e4gbeskrivning:<br \/>\nK\u00f6r 1 km efter Tors\u00f6bron, sv v\u00e4 mot Dill\u00f6 450 m, sv v\u00e4 150 m<br \/>\n58.78082 N, 13.81940 E<\/p>\n<p>[\/vc_column_text][\/vc_column][\/vc_row][vc_row][vc_column][vc_empty_space][\/vc_column][\/vc_row][vc_row][vc_column][vc_single_image image=&#8221;54451&#8243; img_size=&#8221;large&#8221; alignment=&#8221;center&#8221;][\/vc_column][\/vc_row]<\/p>\n<\/div>","protected":false},"excerpt":{"rendered":"<p>[vc_row][vc_column][\/vc_column][vc_column][vc_column_text] Rent, fr\u00e4scht och mysigt !! Hit \u00e4r du hj\u00e4rtligt v\u00e4lkommen att bo &#8211; en eller flera n\u00e4tter. Vi g\u00f6r v\u00e5rt b\u00e4sta f\u00f6r att du ska f\u00e5 en bekv\u00e4m \u00f6vernattning. Har du tur &#8230; finns m\u00f6jlighet att se \u00e4lg d\u00e5 morgonkaffet avnjuts p\u00e5 verandan. [\/vc_column_text][\/vc_column][\/vc_row][vc_row][vc_column][\/vc_column][\/vc_row][vc_row full_width=&#8221;stretch_row_content&#8221; gap=&#8221;10&#8243; equal_height=&#8221;yes&#8221;][vc_column width=&#8221;1\/4&#8243; css=&#8221;.vc_custom_1539176265404{border-top-width: 2px !important;border-right-width: 2px !important;border-bottom-width: 2px&hellip;<\/p>\n","protected":false},"author":3,"featured_media":0,"parent":0,"menu_order":0,"comment_status":"closed","ping_status":"closed","template":"","meta":{"footnotes":""},"class_list":["post-185","page","type-page","status-publish","hentry","description-off"],"_links":{"self":[{"href":"https:\/\/skargardsnjut.se\/index.php?rest_route=\/wp\/v2\/pages\/185","targetHints":{"allow":["GET"]}}],"collection":[{"href":"https:\/\/skargardsnjut.se\/index.php?rest_route=\/wp\/v2\/pages"}],"about":[{"href":"https:\/\/skargardsnjut.se\/index.php?rest_route=\/wp\/v2\/types\/page"}],"author":[{"embeddable":true,"href":"https:\/\/skargardsnjut.se\/index.php?rest_route=\/wp\/v2\/users\/3"}],"replies":[{"embeddable":true,"href":"https:\/\/skargardsnjut.se\/index.php?rest_route=%2Fwp%2Fv2%2Fcomments&post=185"}],"version-history":[{"count":64,"href":"https:\/\/skargardsnjut.se\/index.php?rest_route=\/wp\/v2\/pages\/185\/revisions"}],"predecessor-version":[{"id":54513,"href":"https:\/\/skargardsnjut.se\/index.php?rest_route=\/wp\/v2\/pages\/185\/revisions\/54513"}],"wp:attachment":[{"href":"https:\/\/skargardsnjut.se\/index.php?rest_route=%2Fwp%2Fv2%2Fmedia&parent=185"}],"curies":[{"name":"wp","href":"https:\/\/api.w.org\/{rel}","templated":true}]}}