{"id":189,"date":"2018-10-04T09:26:22","date_gmt":"2018-10-04T07:26:22","guid":{"rendered":"https:\/\/skargardsnjut.se\/?page_id=189"},"modified":"2018-12-14T17:35:13","modified_gmt":"2018-12-14T16:35:13","slug":"hotell-aqva","status":"publish","type":"page","link":"https:\/\/skargardsnjut.se\/?page_id=189","title":{"rendered":"Hotell Aqva"},"content":{"rendered":"<div class=\"wpb-content-wrapper\"><p>[vc_row][vc_column]<div class=\"dt-fancy-separator h1-size\" style=\"width: 100%;\"><div class=\"dt-fancy-title\"><span class=\"separator-holder separator-left\"><\/span>Biosf\u00e4rhotell: Hotell Aqva Restaurang &amp; Bar<span class=\"separator-holder separator-right\"><\/span><\/div><\/div>[\/vc_column][\/vc_row][vc_row][vc_column][vc_single_image image=&#8221;54343&#8243; img_size=&#8221;medium&#8221; alignment=&#8221;center&#8221; onclick=&#8221;custom_link&#8221; img_link_target=&#8221;_blank&#8221; link=&#8221;http:\/\/www.aqva.se\/&#8221;][vc_column_text]<\/p>\n<p style=\"text-align: center;\"><span class=\"Stil50\">Vi samarbetar med Hotell Aqva i Mariestad, ca 15 minuters biltur fr\u00e5n Tors\u00f6!<br \/>\n<a href=\"http:\/\/www.aqva.se\/\" target=\"_new\">Klicka h\u00e4r&#8230;<\/a><\/span><\/p>\n<div dir=\"ltr\"><\/div>\n<p>[\/vc_column_text][vc_column_text]<\/p>\n<div dir=\"ltr\" style=\"text-align: center;\">Biosf\u00e4rhotell: Hotell Aqva Restaurang &amp; Bar i vackra Mariestad har fokus p\u00e5 H\u00e5llbarhet. Vad inneb\u00e4r det?<\/div>\n<div dir=\"ltr\" style=\"text-align: center;\">Jo&#8230;ledarskapet uppskattar landsbygdens v\u00e4rden att ta vara p\u00e5 det sm\u00e5skaliga som finns n\u00e4ra! V\u00e4va in b\u00e5de natur och kultur i business och skapa l\u00f6nsamhet utifr\u00e5n det.<\/div>\n<div dir=\"ltr\" style=\"text-align: center;\">Hotell Aqva har g\u00e5tt ur hotellkedjor, handlar lokalt, arbetar med integration, plockar b\u00e4r, svamp och fiskar, bakar, lagar mat\u00a0 i \u00e4garfamiljen till verksamheten.<\/div>\n<div dir=\"ltr\" style=\"text-align: center;\">Har slutat k\u00f6pa vatten p\u00e5 flaska. \u00c4r Kranm\u00e4rkt.<\/div>\n<div dir=\"ltr\" style=\"text-align: center;\">Erbjuder mindre r\u00f6tt k\u00f6tt och mera mat fr\u00e5n V\u00e4nern.<\/div>\n<div dir=\"ltr\" style=\"text-align: center;\">F\u00f6rst\u00e5r att G\u00e4sten ger leverbr\u00f6det f\u00f6r alla som arbetar i f\u00f6retaget.<\/div>\n<p>[\/vc_column_text][vc_media_grid element_width=&#8221;3&#8243; grid_id=&#8221;vc_gid:1544805281574-580207ad-70a1-2&#8243; include=&#8221;53401,53399,53469,53499,53509,53507,53505,53501,53397,53395,53393,53511,53529,53433,53503,53403&#8243;][vc_empty_space height=&#8221;60px&#8221;][vc_gmaps link=&#8221;#E-8_JTNDaWZyYW1lJTIwc3JjJTNEJTIyaHR0cHMlM0ElMkYlMkZ3d3cuZ29vZ2xlLmNvbSUyRm1hcHMlMkZlbWJlZCUzRnBiJTNEJTIxMW0xOCUyMTFtMTIlMjExbTMlMjExZDIwNzIuMTc2MzIwODM1MTE0NCUyMTJkMTMuODI1MTc5NDE2Mjk5OCUyMTNkNTguNzEwMjYwNjY3NTQ0ODY1JTIxMm0zJTIxMWYwJTIxMmYwJTIxM2YwJTIxM20yJTIxMWkxMDI0JTIxMmk3NjglMjE0ZjEzLjElMjEzbTMlMjExbTIlMjExczB4NDY1YjEzMjA5OTZmZjdjZiUyNTNBMHgyZjIwYmVhYTgxZmIwNjVhJTIxMnNIb3RlbCUyQkFxdmElMjE1ZTAlMjEzbTIlMjExc2RlJTIxMnNzZSUyMTR2MTUzOTE4NTM2MzI2NSUyMiUyMHdpZHRoJTNEJTIyNjAwJTIyJTIwaGVpZ2h0JTNEJTIyNDUwJTIyJTIwZnJhbWVib3JkZXIlM0QlMjIwJTIyJTIwc3R5bGUlM0QlMjJib3JkZXIlM0EwJTIyJTIwYWxsb3dmdWxsc2NyZWVuJTNFJTNDJTJGaWZyYW1lJTNF&#8221;][\/vc_column][\/vc_row]<\/p>\n<\/div>","protected":false},"excerpt":{"rendered":"<p>[vc_row][vc_column][\/vc_column][\/vc_row][vc_row][vc_column][vc_single_image image=&#8221;54343&#8243; img_size=&#8221;medium&#8221; alignment=&#8221;center&#8221; onclick=&#8221;custom_link&#8221; img_link_target=&#8221;_blank&#8221; link=&#8221;http:\/\/www.aqva.se\/&#8221;][vc_column_text] Vi samarbetar med Hotell Aqva i Mariestad, ca 15 minuters biltur fr\u00e5n Tors\u00f6! Klicka h\u00e4r&#8230; [\/vc_column_text][vc_column_text] Biosf\u00e4rhotell: Hotell Aqva Restaurang &amp; Bar i vackra Mariestad har fokus p\u00e5 H\u00e5llbarhet. Vad inneb\u00e4r det? Jo&#8230;ledarskapet uppskattar landsbygdens v\u00e4rden att ta vara p\u00e5 det sm\u00e5skaliga som finns n\u00e4ra! V\u00e4va in b\u00e5de&hellip;<\/p>\n","protected":false},"author":3,"featured_media":0,"parent":0,"menu_order":0,"comment_status":"closed","ping_status":"closed","template":"","meta":{"footnotes":""},"class_list":["post-189","page","type-page","status-publish","hentry","description-off"],"_links":{"self":[{"href":"https:\/\/skargardsnjut.se\/index.php?rest_route=\/wp\/v2\/pages\/189","targetHints":{"allow":["GET"]}}],"collection":[{"href":"https:\/\/skargardsnjut.se\/index.php?rest_route=\/wp\/v2\/pages"}],"about":[{"href":"https:\/\/skargardsnjut.se\/index.php?rest_route=\/wp\/v2\/types\/page"}],"author":[{"embeddable":true,"href":"https:\/\/skargardsnjut.se\/index.php?rest_route=\/wp\/v2\/users\/3"}],"replies":[{"embeddable":true,"href":"https:\/\/skargardsnjut.se\/index.php?rest_route=%2Fwp%2Fv2%2Fcomments&post=189"}],"version-history":[{"count":33,"href":"https:\/\/skargardsnjut.se\/index.php?rest_route=\/wp\/v2\/pages\/189\/revisions"}],"predecessor-version":[{"id":54355,"href":"https:\/\/skargardsnjut.se\/index.php?rest_route=\/wp\/v2\/pages\/189\/revisions\/54355"}],"wp:attachment":[{"href":"https:\/\/skargardsnjut.se\/index.php?rest_route=%2Fwp%2Fv2%2Fmedia&parent=189"}],"curies":[{"name":"wp","href":"https:\/\/api.w.org\/{rel}","templated":true}]}}