{"id":209,"date":"2018-10-04T15:13:48","date_gmt":"2018-10-04T13:13:48","guid":{"rendered":"https:\/\/skargardsnjut.se\/?page_id=209"},"modified":"2024-05-07T15:08:08","modified_gmt":"2024-05-07T13:08:08","slug":"bussguidning","status":"publish","type":"page","link":"https:\/\/skargardsnjut.se\/?page_id=209","title":{"rendered":"Bussguidning"},"content":{"rendered":"<div class=\"wpb-content-wrapper\"><p>[vc_row][vc_column]<div class=\"dt-fancy-separator h1-size\" style=\"width: 100%;\"><div class=\"dt-fancy-title\" style=\"color: #ffffff;\"><span class=\"separator-holder separator-left\"><\/span>Upplev livet p\u00e5 Tors\u00f6 &amp; Bromm\u00f6<span class=\"separator-holder separator-right\"><\/span><\/div><\/div>[\/vc_column][\/vc_row][vc_row][vc_column][vc_empty_space][\/vc_column][\/vc_row][vc_row][vc_column css=&#8221;.vc_custom_1539098310774{border-radius: 15px !important;}&#8221;][vc_column_text css=&#8221;&#8221;]<\/p>\n<p style=\"text-align: center;\">Vi guidar bussgrupper inom Biosf\u00e4romr\u00e5det V\u00e4nersk\u00e4rg\u00e5rden med Kinnekulle.<\/p>\n<p style=\"text-align: center;\">Tors\u00f6 &amp; Bromm\u00f6turen har temat bland &#8221;Tors\u00f6vagar, Sotepinnar och Koffa&#8221; .<\/p>\n<p style=\"text-align: center;\">Vi ber\u00e4ttar om hur m\u00e4nniskor hade det f\u00f6rr och hur livet \u00e4r idag!<br \/>\nTurerna organiseras i samverkan med lokala f\u00f6reningar, privatpersoner,<\/p>\n<p style=\"text-align: center;\">Sv Kyrkan och olika f\u00f6retag.<\/p>\n<h3 style=\"text-align: center;\"><span class=\"Stil21\"><span class=\"Stil48\"><span class=\"Stil63\">Tors\u00f6- &amp; Bromm\u00f6 turen<\/span><\/span><\/span> erbjuder en fantastisk upplevelse med h\u00e4rliga skratt, sanningar och skr\u00f6nor!<\/h3>\n<p style=\"text-align: center;\"><span class=\"Stil62\">Gruppen \/f\u00f6reningen kommer med egen buss.\u00a0<\/span><\/p>\n<p style=\"text-align: center;\">V\u00e5r guid m\u00f6ter gruppen kl 10.00 efter Tors\u00f6bron, vid Brof\u00e4stet p\u00e5 Tors\u00f6.<\/p>\n<p style=\"text-align: center;\"><span class=\"Stil62\">Turen avslutas p\u00e5 samma st\u00e4lle kl 16.00. Alla f\u00e5r kartor, program, fika och lunch. <\/span><\/p>\n<p style=\"text-align: center;\"><span class=\"Stil62\">\u00d6vriga avgifter som h\u00f6r turen till p\u00e5 plats, ing\u00e5r. M<\/span><span class=\"Stil62\">inst 38 p\/ grupp. F<\/span>\u00f6rbokningen g\u00e4ller.<\/p>\n<p>[\/vc_column_text][\/vc_column][\/vc_row][vc_row][vc_column css=&#8221;.vc_custom_1539100472165{border-radius: 20px !important;}&#8221;]<div class=\"shortcode-banner\" style=\"min-height: 150px\"><div class=\"shortcode-banner-bg wf-table\" style=\"padding: 10px;min-height: 150px\"><div class=\"shortcode-banner-inside wf-table text-big\" style=\"background-color: rgb(0,0,0);background-color: rgba(0,0,0,0.4);border: solid 10px transparent;outline: solid 3px;outline-color: #ffffff;height: 140px\"><div><h4 style=\"text-align: center;\"><a href=\"mailto:info@skargardsnjut.se\">Boka Bussguidningspaket h\u00e4r &#8211;\u00a0 maila: info@skargardsnjut.se<\/a><\/h4>\n<\/div><\/div><\/div><\/div>[\/vc_column][\/vc_row][vc_row][vc_column][vc_media_grid element_width=&#8221;3&#8243; grid_id=&#8221;vc_gid:1715086981461-b6aa473e-e4a2-7&#8243; include=&#8221;53495,53435,53519,53493&#8243;][\/vc_column][\/vc_row][vc_row][vc_column][vc_media_grid element_width=&#8221;2&#8243; item=&#8221;mediaGrid_ScaleInWithIcon&#8221; css=&#8221;.vc_custom_1645183440484{border-radius: 20px !important;}&#8221; grid_id=&#8221;vc_gid:1715086981462-48586f38-b3d0-0&#8243; include=&#8221;53379,53377,53375,53371,53369,53367,53365,53363,53347,53349,53351,53353,53355,53359,53385,53435,53431,53429,53427,53425,53423,53421,53419,53539,53535,53533,53531,53519,53521,53527,53449,53497,53495,53493,53489,53487,53491,53327,53485,53141,54427,54426,54425,54424,54423&#8243;][\/vc_column][\/vc_row]<\/p>\n<\/div>","protected":false},"excerpt":{"rendered":"<p>[vc_row][vc_column][\/vc_column][\/vc_row][vc_row][vc_column][vc_empty_space][\/vc_column][\/vc_row][vc_row][vc_column css=&#8221;.vc_custom_1539098310774{border-radius: 15px !important;}&#8221;][vc_column_text css=&#8221;&#8221;] Vi guidar bussgrupper inom Biosf\u00e4romr\u00e5det V\u00e4nersk\u00e4rg\u00e5rden med Kinnekulle. Tors\u00f6 &amp; Bromm\u00f6turen har temat bland &#8221;Tors\u00f6vagar, Sotepinnar och Koffa&#8221; . Vi ber\u00e4ttar om hur m\u00e4nniskor hade det f\u00f6rr och hur livet \u00e4r idag! Turerna organiseras i samverkan med lokala f\u00f6reningar, privatpersoner, Sv Kyrkan och olika f\u00f6retag. Tors\u00f6- &amp; Bromm\u00f6 turen erbjuder&hellip;<\/p>\n","protected":false},"author":3,"featured_media":0,"parent":0,"menu_order":0,"comment_status":"closed","ping_status":"closed","template":"","meta":{"footnotes":""},"class_list":["post-209","page","type-page","status-publish","hentry","description-off"],"_links":{"self":[{"href":"https:\/\/skargardsnjut.se\/index.php?rest_route=\/wp\/v2\/pages\/209","targetHints":{"allow":["GET"]}}],"collection":[{"href":"https:\/\/skargardsnjut.se\/index.php?rest_route=\/wp\/v2\/pages"}],"about":[{"href":"https:\/\/skargardsnjut.se\/index.php?rest_route=\/wp\/v2\/types\/page"}],"author":[{"embeddable":true,"href":"https:\/\/skargardsnjut.se\/index.php?rest_route=\/wp\/v2\/users\/3"}],"replies":[{"embeddable":true,"href":"https:\/\/skargardsnjut.se\/index.php?rest_route=%2Fwp%2Fv2%2Fcomments&post=209"}],"version-history":[{"count":53,"href":"https:\/\/skargardsnjut.se\/index.php?rest_route=\/wp\/v2\/pages\/209\/revisions"}],"predecessor-version":[{"id":54498,"href":"https:\/\/skargardsnjut.se\/index.php?rest_route=\/wp\/v2\/pages\/209\/revisions\/54498"}],"wp:attachment":[{"href":"https:\/\/skargardsnjut.se\/index.php?rest_route=%2Fwp%2Fv2%2Fmedia&parent=209"}],"curies":[{"name":"wp","href":"https:\/\/api.w.org\/{rel}","templated":true}]}}