{"id":35,"date":"2018-10-03T18:30:40","date_gmt":"2018-10-03T16:30:40","guid":{"rendered":"https:\/\/skargardsnjut.se\/?page_id=35"},"modified":"2025-10-30T12:23:49","modified_gmt":"2025-10-30T11:23:49","slug":"start","status":"publish","type":"page","link":"https:\/\/skargardsnjut.se\/","title":{"rendered":"Hem"},"content":{"rendered":"<div class=\"wpb-content-wrapper\"><p>[vc_row][vc_column]<div class=\"dt-fancy-separator h1-size style-thick\" style=\"width: 100%;\"><div class=\"dt-fancy-title\"><span class=\"separator-holder separator-left\"><\/span>En h\u00e5llbar upplevelse \u00e4r ett rent n\u00f6je!<span class=\"separator-holder separator-right\"><\/span><\/div><\/div>[\/vc_column][\/vc_row][vc_row][vc_column][vc_empty_space height=&#8221;12px&#8221;][\/vc_column][\/vc_row][vc_row][vc_column][vc_column_text]V\u00e5rt m\u00e5l \u00e4r att du som g\u00e4st, blir \u00f6ver f\u00f6rv\u00e4ntan n\u00f6jd! Med\u00a0trevligt\u00a0v\u00e4rdskap\u00a0och njutbara naturupplevelser \u00f6nskar vi skapa\u00a0minnen som g\u00f6r att du\u00a0vill ber\u00e4tta f\u00f6r andra och \u00e5terkomma!\u00a0<span class=\"Stil20\">Vi vill ocks\u00e5 sprida kunskap om Biosf\u00e4romr\u00e5de V\u00e4nersk\u00e4rg\u00e5rden med Kinnekulle d\u00e4r Sofia \u00e4r ambassad\u00f6r. Biosf\u00e4romr\u00e5det\u00a0uts\u00e5gs\u00a0av Unesco 2010.<br \/>\nV\u00e5rt \u201dBussguidningspaket\u201d \u00e4r ett exempel hur f\u00f6retag, f\u00f6reningar och privatpersoner samverkar f\u00f6r att gynna lokal ekonomi.<\/span>[\/vc_column_text][\/vc_column][\/vc_row][vc_row][vc_column][vc_empty_space][\/vc_column][\/vc_row][vc_row][vc_column]<div class=\"shortcode-banner\" style=\"min-height: 150px\"><div class=\"shortcode-banner-bg wf-table\" style=\"padding: 10px;min-height: 150px\"><div class=\"shortcode-banner-inside wf-table text-big\" style=\"background-color: rgb(0,0,0);background-color: rgba(0,0,0,0.4);border: solid 10px transparent;outline: solid 3px;outline-color: #ffffff;height: 140px\"><div><h3 style=\"text-align: center;\"><a href=\"https:\/\/skargardsnjut.se\/wp-content\/uploads\/2025\/10\/bussguide2026.png\" target=\"_blank\" rel=\"noopener\"><strong>Bussguidningspaket 2026 finns h\u00e4r<\/strong><\/a><\/h3>\n<div><\/div>\n<\/div><\/div><\/div><\/div>[\/vc_column][\/vc_row][vc_row][vc_column][vc_media_grid element_width=&#8221;3&#8243; grid_id=&#8221;vc_gid:1761822995518-d1661699-7f0b-2&#8243; include=&#8221;53423,53347,53353,53349&#8243;][\/vc_column][\/vc_row]<\/p>\n<\/div>","protected":false},"excerpt":{"rendered":"<p>[vc_row][vc_column][\/vc_column][\/vc_row][vc_row][vc_column][vc_empty_space height=&#8221;12px&#8221;][\/vc_column][\/vc_row][vc_row][vc_column][vc_column_text]V\u00e5rt m\u00e5l \u00e4r att du som g\u00e4st, blir \u00f6ver f\u00f6rv\u00e4ntan n\u00f6jd! Med\u00a0trevligt\u00a0v\u00e4rdskap\u00a0och njutbara naturupplevelser \u00f6nskar vi skapa\u00a0minnen som g\u00f6r att du\u00a0vill ber\u00e4tta f\u00f6r andra och \u00e5terkomma!\u00a0Vi vill ocks\u00e5 sprida kunskap om Biosf\u00e4romr\u00e5de V\u00e4nersk\u00e4rg\u00e5rden med Kinnekulle d\u00e4r Sofia \u00e4r ambassad\u00f6r. Biosf\u00e4romr\u00e5det\u00a0uts\u00e5gs\u00a0av Unesco 2010. V\u00e5rt \u201dBussguidningspaket\u201d \u00e4r ett exempel hur f\u00f6retag, f\u00f6reningar och privatpersoner samverkar f\u00f6r&hellip;<\/p>\n","protected":false},"author":3,"featured_media":0,"parent":0,"menu_order":0,"comment_status":"closed","ping_status":"closed","template":"","meta":{"footnotes":""},"class_list":["post-35","page","type-page","status-publish","hentry","description-off"],"_links":{"self":[{"href":"https:\/\/skargardsnjut.se\/index.php?rest_route=\/wp\/v2\/pages\/35","targetHints":{"allow":["GET"]}}],"collection":[{"href":"https:\/\/skargardsnjut.se\/index.php?rest_route=\/wp\/v2\/pages"}],"about":[{"href":"https:\/\/skargardsnjut.se\/index.php?rest_route=\/wp\/v2\/types\/page"}],"author":[{"embeddable":true,"href":"https:\/\/skargardsnjut.se\/index.php?rest_route=\/wp\/v2\/users\/3"}],"replies":[{"embeddable":true,"href":"https:\/\/skargardsnjut.se\/index.php?rest_route=%2Fwp%2Fv2%2Fcomments&post=35"}],"version-history":[{"count":35,"href":"https:\/\/skargardsnjut.se\/index.php?rest_route=\/wp\/v2\/pages\/35\/revisions"}],"predecessor-version":[{"id":54524,"href":"https:\/\/skargardsnjut.se\/index.php?rest_route=\/wp\/v2\/pages\/35\/revisions\/54524"}],"wp:attachment":[{"href":"https:\/\/skargardsnjut.se\/index.php?rest_route=%2Fwp%2Fv2%2Fmedia&parent=35"}],"curies":[{"name":"wp","href":"https:\/\/api.w.org\/{rel}","templated":true}]}}