{"id":39,"date":"2018-10-03T18:30:40","date_gmt":"2018-10-03T16:30:40","guid":{"rendered":"https:\/\/skargardsnjut.se\/?page_id=39"},"modified":"2023-10-09T13:37:29","modified_gmt":"2023-10-09T11:37:29","slug":"bo","status":"publish","type":"page","link":"https:\/\/skargardsnjut.se\/?page_id=39","title":{"rendered":"Logi&#038;Bo"},"content":{"rendered":"<div class=\"wpb-content-wrapper\"><p>[vc_row][vc_column]<div class=\"dt-fancy-separator h1-size\" style=\"width: 100%;\"><div class=\"dt-fancy-title\"><span class=\"separator-holder separator-left\"><\/span>Vad passar dig b\u00e4st?<span class=\"separator-holder separator-right\"><\/span><\/div><\/div>[\/vc_column][\/vc_row][vc_row][vc_column width=&#8221;1\/3&#8243;][vc_empty_space height=&#8221;20px&#8221;][vc_single_image image=&#8221;54451&#8243; img_size=&#8221;medium&#8221; alignment=&#8221;center&#8221; style=&#8221;vc_box_circle_2&#8243; onclick=&#8221;custom_link&#8221; link=&#8221;https:\/\/skargardsnjut.se\/?page_id=185&#8243; css=&#8221;.vc_custom_1696850913590{border-radius: 35px !important;}&#8221;][\/vc_column][vc_column width=&#8221;1\/3&#8243;][vc_column_text]<\/p>\n<p style=\"text-align: center;\">Vill du bo i en mysig stuga?<br \/>\nMed naturen inp\u00e5 knuten och V\u00e4nervattnet alltid n\u00e4ra, finner du stillhet!<br \/>\n<a href=\"https:\/\/skargardsnjut.se\/?page_id=185\">L\u00e4s mer&#8230;.<\/a><\/p>\n<p style=\"text-align: center;\">Eller vill du bo i Mariestad och uppleva sm\u00e5stadsidyll?<br \/>\n<a href=\"https:\/\/skargardsnjut.se\/?page_id=189\">L\u00e4s mer&#8230;<\/a><\/p>\n<p>[\/vc_column_text][\/vc_column][vc_column width=&#8221;1\/3&#8243;][vc_empty_space][vc_single_image image=&#8221;54343&#8243; img_size=&#8221;medium&#8221; alignment=&#8221;center&#8221; onclick=&#8221;custom_link&#8221; link=&#8221;https:\/\/skargardsnjut.se\/?page_id=189&#8243;][\/vc_column][\/vc_row]<\/p>\n<\/div>","protected":false},"excerpt":{"rendered":"<p>[vc_row][vc_column][\/vc_column][\/vc_row][vc_row][vc_column width=&#8221;1\/3&#8243;][vc_empty_space height=&#8221;20px&#8221;][vc_single_image image=&#8221;54451&#8243; img_size=&#8221;medium&#8221; alignment=&#8221;center&#8221; style=&#8221;vc_box_circle_2&#8243; onclick=&#8221;custom_link&#8221; link=&#8221;https:\/\/skargardsnjut.se\/?page_id=185&#8243; css=&#8221;.vc_custom_1696850913590{border-radius: 35px !important;}&#8221;][\/vc_column][vc_column width=&#8221;1\/3&#8243;][vc_column_text] Vill du bo i en mysig stuga? Med naturen inp\u00e5 knuten och V\u00e4nervattnet alltid n\u00e4ra, finner du stillhet! L\u00e4s mer&#8230;. Eller vill du bo i Mariestad och uppleva sm\u00e5stadsidyll? L\u00e4s mer&#8230; [\/vc_column_text][\/vc_column][vc_column width=&#8221;1\/3&#8243;][vc_empty_space][vc_single_image image=&#8221;54343&#8243; img_size=&#8221;medium&#8221; alignment=&#8221;center&#8221; onclick=&#8221;custom_link&#8221; link=&#8221;https:\/\/skargardsnjut.se\/?page_id=189&#8243;][\/vc_column][\/vc_row]<\/p>\n","protected":false},"author":3,"featured_media":0,"parent":0,"menu_order":0,"comment_status":"closed","ping_status":"closed","template":"","meta":{"footnotes":""},"class_list":["post-39","page","type-page","status-publish","hentry","description-off"],"_links":{"self":[{"href":"https:\/\/skargardsnjut.se\/index.php?rest_route=\/wp\/v2\/pages\/39","targetHints":{"allow":["GET"]}}],"collection":[{"href":"https:\/\/skargardsnjut.se\/index.php?rest_route=\/wp\/v2\/pages"}],"about":[{"href":"https:\/\/skargardsnjut.se\/index.php?rest_route=\/wp\/v2\/types\/page"}],"author":[{"embeddable":true,"href":"https:\/\/skargardsnjut.se\/index.php?rest_route=\/wp\/v2\/users\/3"}],"replies":[{"embeddable":true,"href":"https:\/\/skargardsnjut.se\/index.php?rest_route=%2Fwp%2Fv2%2Fcomments&post=39"}],"version-history":[{"count":22,"href":"https:\/\/skargardsnjut.se\/index.php?rest_route=\/wp\/v2\/pages\/39\/revisions"}],"predecessor-version":[{"id":54492,"href":"https:\/\/skargardsnjut.se\/index.php?rest_route=\/wp\/v2\/pages\/39\/revisions\/54492"}],"wp:attachment":[{"href":"https:\/\/skargardsnjut.se\/index.php?rest_route=%2Fwp%2Fv2%2Fmedia&parent=39"}],"curies":[{"name":"wp","href":"https:\/\/api.w.org\/{rel}","templated":true}]}}